{"id":6472,"date":"2025-05-23T14:50:57","date_gmt":"2025-05-23T12:50:57","guid":{"rendered":"https:\/\/notariaviaaugusta4.com\/?page_id=6472"},"modified":"2025-05-24T16:37:53","modified_gmt":"2025-05-24T14:37:53","slug":"cookie-policy","status":"publish","type":"page","link":"https:\/\/notariaviaaugusta4.com\/en\/politica-de-cookies\/","title":{"rendered":"Cookie policy"},"content":{"rendered":"<div data-elementor-type=\"wp-page\" data-elementor-id=\"6472\" class=\"elementor elementor-6472\" data-elementor-post-type=\"page\">\n\t\t\t\t<div class=\"elementor-element elementor-element-bca7203 e-flex e-con-boxed e-con e-parent\" data-id=\"bca7203\" data-element_type=\"container\" data-e-type=\"container\" data-settings=\"{&quot;background_background&quot;:&quot;classic&quot;}\">\n\t\t\t\t\t<div class=\"e-con-inner\">\n\t\t\t\t<div class=\"elementor-element elementor-element-c7f79ba elementor-widget-mobile__width-inherit elementor-widget elementor-widget-heading\" data-id=\"c7f79ba\" data-element_type=\"widget\" data-e-type=\"widget\" data-widget_type=\"heading.default\">\n\t\t\t\t<div class=\"elementor-widget-container\">\n\t\t\t\t\t<h1 class=\"elementor-heading-title elementor-size-default\">Cookie policy<\/h1>\t\t\t\t<\/div>\n\t\t\t\t<\/div>\n\t\t\t\t<div class=\"elementor-element elementor-element-84f06cd elementor-widget-divider--view-line elementor-widget elementor-widget-divider\" data-id=\"84f06cd\" data-element_type=\"widget\" data-e-type=\"widget\" data-widget_type=\"divider.default\">\n\t\t\t\t<div class=\"elementor-widget-container\">\n\t\t\t\t\t\t\t<div class=\"elementor-divider\">\n\t\t\t<span class=\"elementor-divider-separator\">\n\t\t\t\t\t\t<\/span>\n\t\t<\/div>\n\t\t\t\t\t\t<\/div>\n\t\t\t\t<\/div>\n\t\t\t\t<div class=\"elementor-element elementor-element-39b029f elementor-widget__width-inherit elementor-widget elementor-widget-text-editor\" data-id=\"39b029f\" data-element_type=\"widget\" data-e-type=\"widget\" data-widget_type=\"text-editor.default\">\n\t\t\t\t<div class=\"elementor-widget-container\">\n\t\t\t\t\t\t\t\t\t<p>The purpose of this cookie policy is to inform you clearly and precisely about the cookies used on the Notaria V\u00eda Augusta 4 website.<\/p><p><strong>What are cookies?<\/strong><\/p><p>A cookie is a small piece of text that the websites you visit send to your browser. It allows the website to remember information about your visit, such as your preferred language and other options, in order to facilitate your next visit and make the site more useful. Cookies play a very important role and contribute to a better browsing experience for the user.<\/p><p>\u00a0<\/p><p><strong>Types of cookies<\/strong><\/p><p>Depending on the entity that manages the domain from which the cookies are sent and the data obtained is processed, two types can be distinguished: first-party cookies and third-party cookies.<\/p><p>There is also a second classification based on the length of time they remain stored in the client's browser; these can be session cookies or persistent cookies.<\/p><p>Finally, there is another classification with five types of cookies depending on the purpose for which the data obtained is processed: technical cookies, personalization cookies, analytical cookies, advertising cookies, and behavioural advertising cookies.<\/p><p>For more information on this subject, you can consult the Spanish Data Protection Agency's use of cookies.<\/p><p>\u00a0<\/p><p><strong>Cookies used on the website<\/strong><\/p><p>\u00a0<\/p>\t\t\t\t\t\t\t\t<\/div>\n\t\t\t\t<\/div>\n\t\t\t\t<div class=\"elementor-element elementor-element-c64b032 elementor-widget elementor-widget-text-editor\" data-id=\"c64b032\" data-element_type=\"widget\" data-e-type=\"widget\" data-widget_type=\"text-editor.default\">\n\t\t\t\t<div class=\"elementor-widget-container\">\n\t\t\t\t\t\t\t\t\t<div class=\"cky-audit-table-element\"><\/div>\t\t\t\t\t\t\t\t<\/div>\n\t\t\t\t<\/div>\n\t\t\t\t<div class=\"elementor-element elementor-element-d6699d1 elementor-widget__width-inherit elementor-widget elementor-widget-text-editor\" data-id=\"d6699d1\" data-element_type=\"widget\" data-e-type=\"widget\" data-widget_type=\"text-editor.default\">\n\t\t\t\t<div class=\"elementor-widget-container\">\n\t\t\t\t\t\t\t\t\t<p><strong>Acceptance of the cookie policy<\/strong><\/p><p>By clicking the OK button it is assumed that you accept the use of cookies.<\/p><p>How to modify cookie settings<\/p><p>You can restrict, block, or delete cookies from Notaria V\u00eda Augusta 4 or any other website using your browser. The procedure varies depending on each browser; the \"Help\" function will show you how to do this.<\/p>\t\t\t\t\t\t\t\t<\/div>\n\t\t\t\t<\/div>\n\t\t\t\t\t<\/div>\n\t\t\t\t<\/div>\n\t\t\t\t<\/div>","protected":false},"excerpt":{"rendered":"<p>Pol\u00edtica de cookies La presente pol\u00edtica de cookies tiene por finalidad informarle de manera clara y precisa sobre las cookies que se utilizan en la p\u00e1gina web de Notaria V\u00eda Augusta 4. \u00bfQu\u00e9 son las cookies? Una cookie es un peque\u00f1o fragmento de texto que los sitios web que visita env\u00edan al navegador y que [&hellip;]<\/p>\n","protected":false},"author":1,"featured_media":0,"parent":0,"menu_order":0,"comment_status":"closed","ping_status":"closed","template":"elementor_header_footer","meta":{"footnotes":""},"class_list":["post-6472","page","type-page","status-publish","hentry"],"_links":{"self":[{"href":"https:\/\/notariaviaaugusta4.com\/en\/wp-json\/wp\/v2\/pages\/6472","targetHints":{"allow":["GET"]}}],"collection":[{"href":"https:\/\/notariaviaaugusta4.com\/en\/wp-json\/wp\/v2\/pages"}],"about":[{"href":"https:\/\/notariaviaaugusta4.com\/en\/wp-json\/wp\/v2\/types\/page"}],"author":[{"embeddable":true,"href":"https:\/\/notariaviaaugusta4.com\/en\/wp-json\/wp\/v2\/users\/1"}],"replies":[{"embeddable":true,"href":"https:\/\/notariaviaaugusta4.com\/en\/wp-json\/wp\/v2\/comments?post=6472"}],"version-history":[{"count":4,"href":"https:\/\/notariaviaaugusta4.com\/en\/wp-json\/wp\/v2\/pages\/6472\/revisions"}],"predecessor-version":[{"id":6623,"href":"https:\/\/notariaviaaugusta4.com\/en\/wp-json\/wp\/v2\/pages\/6472\/revisions\/6623"}],"wp:attachment":[{"href":"https:\/\/notariaviaaugusta4.com\/en\/wp-json\/wp\/v2\/media?parent=6472"}],"curies":[{"name":"wp","href":"https:\/\/api.w.org\/{rel}","templated":true}]}}