{"id":6444,"date":"2025-05-23T12:42:34","date_gmt":"2025-05-23T10:42:34","guid":{"rendered":"https:\/\/notariaviaaugusta4.com\/?page_id=6444"},"modified":"2025-05-23T12:59:38","modified_gmt":"2025-05-23T10:59:38","slug":"legal-notice","status":"publish","type":"page","link":"https:\/\/notariaviaaugusta4.com\/en\/aviso-legal\/","title":{"rendered":"Legal Notice"},"content":{"rendered":"<div data-elementor-type=\"wp-page\" data-elementor-id=\"6444\" class=\"elementor elementor-6444\" data-elementor-post-type=\"page\">\n\t\t\t\t<div class=\"elementor-element elementor-element-bca7203 e-flex e-con-boxed e-con e-parent\" data-id=\"bca7203\" data-element_type=\"container\" data-e-type=\"container\" data-settings=\"{&quot;background_background&quot;:&quot;classic&quot;}\">\n\t\t\t\t\t<div class=\"e-con-inner\">\n\t\t\t\t<div class=\"elementor-element elementor-element-c7f79ba elementor-widget-mobile__width-inherit elementor-widget elementor-widget-heading\" data-id=\"c7f79ba\" data-element_type=\"widget\" data-e-type=\"widget\" data-widget_type=\"heading.default\">\n\t\t\t\t<div class=\"elementor-widget-container\">\n\t\t\t\t\t<h1 class=\"elementor-heading-title elementor-size-default\">Legal notice<\/h1>\t\t\t\t<\/div>\n\t\t\t\t<\/div>\n\t\t\t\t<div class=\"elementor-element elementor-element-84f06cd elementor-widget-divider--view-line elementor-widget elementor-widget-divider\" data-id=\"84f06cd\" data-element_type=\"widget\" data-e-type=\"widget\" data-widget_type=\"divider.default\">\n\t\t\t\t<div class=\"elementor-widget-container\">\n\t\t\t\t\t\t\t<div class=\"elementor-divider\">\n\t\t\t<span class=\"elementor-divider-separator\">\n\t\t\t\t\t\t<\/span>\n\t\t<\/div>\n\t\t\t\t\t\t<\/div>\n\t\t\t\t<\/div>\n\t\t\t\t<div class=\"elementor-element elementor-element-39b029f elementor-widget__width-inherit elementor-widget elementor-widget-text-editor\" data-id=\"39b029f\" data-element_type=\"widget\" data-e-type=\"widget\" data-widget_type=\"text-editor.default\">\n\t\t\t\t<div class=\"elementor-widget-container\">\n\t\t\t\t\t\t\t\t\t<p>Notaria V\u00eda Augusta 4 requests your consent to provide the requested service and answer the questions posed. The legal basis for legitimacy is the data subject's consent for the purposes stated. The data will not be shared with third parties except in cases where there is a legal obligation. In any case, the data you provide is located on servers located within the EU or managed by Data Processors under the Privacy Shield framework. You have the right to access, rectify, and delete your data, as well as other rights, as explained in the privacy policy. Failure to provide the data requested as mandatory may result in the inability to fulfill the purposes for which it is requested.\u00a0<\/p>\t\t\t\t\t\t\t\t<\/div>\n\t\t\t\t<\/div>\n\t\t\t\t\t<\/div>\n\t\t\t\t<\/div>\n\t\t\t\t<\/div>","protected":false},"excerpt":{"rendered":"<p>Aviso legal Notaria V\u00eda Augusta 4 solicita su consentimiento para prestarle el servicio solicitado y contestar a las cuestiones planteadas. La legitimaci\u00f3n tiene como base jur\u00eddica el consentimiento del interesado para los fines expresados. Los datos no se ceder\u00e1n a terceros salvo en los casos en que exista una obligaci\u00f3n legal. En todo caso, los [&hellip;]<\/p>\n","protected":false},"author":1,"featured_media":0,"parent":0,"menu_order":0,"comment_status":"closed","ping_status":"closed","template":"elementor_header_footer","meta":{"footnotes":""},"class_list":["post-6444","page","type-page","status-publish","hentry"],"_links":{"self":[{"href":"https:\/\/notariaviaaugusta4.com\/en\/wp-json\/wp\/v2\/pages\/6444","targetHints":{"allow":["GET"]}}],"collection":[{"href":"https:\/\/notariaviaaugusta4.com\/en\/wp-json\/wp\/v2\/pages"}],"about":[{"href":"https:\/\/notariaviaaugusta4.com\/en\/wp-json\/wp\/v2\/types\/page"}],"author":[{"embeddable":true,"href":"https:\/\/notariaviaaugusta4.com\/en\/wp-json\/wp\/v2\/users\/1"}],"replies":[{"embeddable":true,"href":"https:\/\/notariaviaaugusta4.com\/en\/wp-json\/wp\/v2\/comments?post=6444"}],"version-history":[{"count":4,"href":"https:\/\/notariaviaaugusta4.com\/en\/wp-json\/wp\/v2\/pages\/6444\/revisions"}],"predecessor-version":[{"id":6465,"href":"https:\/\/notariaviaaugusta4.com\/en\/wp-json\/wp\/v2\/pages\/6444\/revisions\/6465"}],"wp:attachment":[{"href":"https:\/\/notariaviaaugusta4.com\/en\/wp-json\/wp\/v2\/media?parent=6444"}],"curies":[{"name":"wp","href":"https:\/\/api.w.org\/{rel}","templated":true}]}}