{"id":6472,"date":"2025-05-23T14:50:57","date_gmt":"2025-05-23T12:50:57","guid":{"rendered":"https:\/\/notariaviaaugusta4.com\/?page_id=6472"},"modified":"2025-05-24T16:37:53","modified_gmt":"2025-05-24T14:37:53","slug":"politica-de-cookies","status":"publish","type":"page","link":"https:\/\/notariaviaaugusta4.com\/ca\/politica-de-cookies\/","title":{"rendered":"Pol\u00edtica de cookies"},"content":{"rendered":"<div data-elementor-type=\"wp-page\" data-elementor-id=\"6472\" class=\"elementor elementor-6472\" data-elementor-post-type=\"page\">\n\t\t\t\t<div class=\"elementor-element elementor-element-bca7203 e-flex e-con-boxed e-con e-parent\" data-id=\"bca7203\" data-element_type=\"container\" data-e-type=\"container\" data-settings=\"{&quot;background_background&quot;:&quot;classic&quot;}\">\n\t\t\t\t\t<div class=\"e-con-inner\">\n\t\t\t\t<div class=\"elementor-element elementor-element-c7f79ba elementor-widget-mobile__width-inherit elementor-widget elementor-widget-heading\" data-id=\"c7f79ba\" data-element_type=\"widget\" data-e-type=\"widget\" data-widget_type=\"heading.default\">\n\t\t\t\t<div class=\"elementor-widget-container\">\n\t\t\t\t\t<h1 class=\"elementor-heading-title elementor-size-default\">Pol\u00edtica de cookies<\/h1>\t\t\t\t<\/div>\n\t\t\t\t<\/div>\n\t\t\t\t<div class=\"elementor-element elementor-element-84f06cd elementor-widget-divider--view-line elementor-widget elementor-widget-divider\" data-id=\"84f06cd\" data-element_type=\"widget\" data-e-type=\"widget\" data-widget_type=\"divider.default\">\n\t\t\t\t<div class=\"elementor-widget-container\">\n\t\t\t\t\t\t\t<div class=\"elementor-divider\">\n\t\t\t<span class=\"elementor-divider-separator\">\n\t\t\t\t\t\t<\/span>\n\t\t<\/div>\n\t\t\t\t\t\t<\/div>\n\t\t\t\t<\/div>\n\t\t\t\t<div class=\"elementor-element elementor-element-39b029f elementor-widget__width-inherit elementor-widget elementor-widget-text-editor\" data-id=\"39b029f\" data-element_type=\"widget\" data-e-type=\"widget\" data-widget_type=\"text-editor.default\">\n\t\t\t\t<div class=\"elementor-widget-container\">\n\t\t\t\t\t\t\t\t\t<p>Aquesta pol\u00edtica de cookies t\u00e9 per finalitat informar-vos de manera clara i precisa sobre les cookies que s&#039;utilitzen a la p\u00e0gina web de Notaria Via Augusta 4.<\/p><p><strong>Qu\u00e8 s\u00f3n les cookies?<\/strong><\/p><p>Una galeta \u00e9s un petit fragment de text que els llocs web que visita envien al navegador i que permet que el lloc web recordi informaci\u00f3 sobre la seva visita, com el seu idioma preferit i altres opcions, per tal de facilitar-ne la propera visita i fer que el lloc li resulti m\u00e9s \u00fatil. Les galetes exerceixen un paper molt important i contribueixen a tenir una millor experi\u00e8ncia de navegaci\u00f3 per a l&#039;usuari.<\/p><p>\u00a0<\/p><p><strong>Tipus de cookies<\/strong><\/p><p>Segons qui sigui l&#039;entitat que gestioni el domini des d&#039;on s&#039;envien les galetes i es tractin les dades que s&#039;obtinguin, es poden distingir dos tipus: galetes pr\u00f2pies i galetes de tercers.<\/p><p>Hi ha tamb\u00e9 una segona classificaci\u00f3 segons el termini de temps que romanen emmagatzemades al navegador del client, podent tractar-se de cookies de sessi\u00f3 o cookies persistents.<\/p><p>Finalment, hi ha una altra classificaci\u00f3 amb cinc tipus de galetes segons la finalitat per a la qual es tractin les dades obtingudes: galetes t\u00e8cniques, galetes de personalitzaci\u00f3, galetes d&#039;an\u00e0lisi, galetes publicit\u00e0ries i galetes de publicitat comportamental.<\/p><p>Per a m\u00e9s informaci\u00f3, podeu consultar l&#039;\u00fas de les cookies de l&#039;Ag\u00e8ncia Espanyola de Protecci\u00f3 de Dades.<\/p><p>\u00a0<\/p><p><strong>Cookies utilitzades al web<\/strong><\/p><p>\u00a0<\/p>\t\t\t\t\t\t\t\t<\/div>\n\t\t\t\t<\/div>\n\t\t\t\t<div class=\"elementor-element elementor-element-c64b032 elementor-widget elementor-widget-text-editor\" data-id=\"c64b032\" data-element_type=\"widget\" data-e-type=\"widget\" data-widget_type=\"text-editor.default\">\n\t\t\t\t<div class=\"elementor-widget-container\">\n\t\t\t\t\t\t\t\t\t<div class=\"cky-audit-table-element\"><\/div>\t\t\t\t\t\t\t\t<\/div>\n\t\t\t\t<\/div>\n\t\t\t\t<div class=\"elementor-element elementor-element-d6699d1 elementor-widget__width-inherit elementor-widget elementor-widget-text-editor\" data-id=\"d6699d1\" data-element_type=\"widget\" data-e-type=\"widget\" data-widget_type=\"text-editor.default\">\n\t\t\t\t<div class=\"elementor-widget-container\">\n\t\t\t\t\t\t\t\t\t<p><strong>Acceptaci\u00f3 de la pol\u00edtica de cookies<\/strong><\/p><p>Prement el bot\u00f3 OK s&#039;assumeix que vost\u00e8 accepta l&#039;\u00fas de cookies.<\/p><p>Com modificar la configuraci\u00f3 de les cookies<\/p><p>Vost\u00e8 pot restringir, bloquejar o esborrar les galetes de Notaria Via Augusta 4 o qualsevol altra p\u00e0gina web utilitzant el seu navegador. A cada navegador l&#039;operativa \u00e9s diferent, la funci\u00f3 de \u201cAjuda\u201d us mostrar\u00e0 com fer-ho.<\/p>\t\t\t\t\t\t\t\t<\/div>\n\t\t\t\t<\/div>\n\t\t\t\t\t<\/div>\n\t\t\t\t<\/div>\n\t\t\t\t<\/div>","protected":false},"excerpt":{"rendered":"<p>Pol\u00edtica de cookies La presente pol\u00edtica de cookies tiene por finalidad informarle de manera clara y precisa sobre las cookies que se utilizan en la p\u00e1gina web de Notaria V\u00eda Augusta 4. \u00bfQu\u00e9 son las cookies? Una cookie es un peque\u00f1o fragmento de texto que los sitios web que visita env\u00edan al navegador y que [&hellip;]<\/p>\n","protected":false},"author":1,"featured_media":0,"parent":0,"menu_order":0,"comment_status":"closed","ping_status":"closed","template":"elementor_header_footer","meta":{"footnotes":""},"class_list":["post-6472","page","type-page","status-publish","hentry"],"_links":{"self":[{"href":"https:\/\/notariaviaaugusta4.com\/ca\/wp-json\/wp\/v2\/pages\/6472","targetHints":{"allow":["GET"]}}],"collection":[{"href":"https:\/\/notariaviaaugusta4.com\/ca\/wp-json\/wp\/v2\/pages"}],"about":[{"href":"https:\/\/notariaviaaugusta4.com\/ca\/wp-json\/wp\/v2\/types\/page"}],"author":[{"embeddable":true,"href":"https:\/\/notariaviaaugusta4.com\/ca\/wp-json\/wp\/v2\/users\/1"}],"replies":[{"embeddable":true,"href":"https:\/\/notariaviaaugusta4.com\/ca\/wp-json\/wp\/v2\/comments?post=6472"}],"version-history":[{"count":4,"href":"https:\/\/notariaviaaugusta4.com\/ca\/wp-json\/wp\/v2\/pages\/6472\/revisions"}],"predecessor-version":[{"id":6623,"href":"https:\/\/notariaviaaugusta4.com\/ca\/wp-json\/wp\/v2\/pages\/6472\/revisions\/6623"}],"wp:attachment":[{"href":"https:\/\/notariaviaaugusta4.com\/ca\/wp-json\/wp\/v2\/media?parent=6472"}],"curies":[{"name":"wp","href":"https:\/\/api.w.org\/{rel}","templated":true}]}}