{"id":6455,"date":"2025-05-23T12:53:44","date_gmt":"2025-05-23T10:53:44","guid":{"rendered":"https:\/\/notariaviaaugusta4.com\/?page_id=6455"},"modified":"2025-05-23T14:26:05","modified_gmt":"2025-05-23T12:26:05","slug":"politica-de-privadesa","status":"publish","type":"page","link":"https:\/\/notariaviaaugusta4.com\/ca\/politica-de-privacidad\/","title":{"rendered":"Pol\u00edtica de privacitat"},"content":{"rendered":"<div data-elementor-type=\"wp-page\" data-elementor-id=\"6455\" class=\"elementor elementor-6455\" data-elementor-post-type=\"page\">\n\t\t\t\t<div class=\"elementor-element elementor-element-bca7203 e-flex e-con-boxed e-con e-parent\" data-id=\"bca7203\" data-element_type=\"container\" data-e-type=\"container\" data-settings=\"{&quot;background_background&quot;:&quot;classic&quot;}\">\n\t\t\t\t\t<div class=\"e-con-inner\">\n\t\t\t\t<div class=\"elementor-element elementor-element-c7f79ba elementor-widget elementor-widget-heading\" data-id=\"c7f79ba\" data-element_type=\"widget\" data-e-type=\"widget\" data-widget_type=\"heading.default\">\n\t\t\t\t<div class=\"elementor-widget-container\">\n\t\t\t\t\t<h1 class=\"elementor-heading-title elementor-size-default\">Pol\u00edtica de privacitat<\/h1>\t\t\t\t<\/div>\n\t\t\t\t<\/div>\n\t\t\t\t<div class=\"elementor-element elementor-element-84f06cd elementor-widget-divider--view-line elementor-widget elementor-widget-divider\" data-id=\"84f06cd\" data-element_type=\"widget\" data-e-type=\"widget\" data-widget_type=\"divider.default\">\n\t\t\t\t<div class=\"elementor-widget-container\">\n\t\t\t\t\t\t\t<div class=\"elementor-divider\">\n\t\t\t<span class=\"elementor-divider-separator\">\n\t\t\t\t\t\t<\/span>\n\t\t<\/div>\n\t\t\t\t\t\t<\/div>\n\t\t\t\t<\/div>\n\t\t\t\t<div class=\"elementor-element elementor-element-39b029f elementor-widget__width-inherit elementor-widget elementor-widget-text-editor\" data-id=\"39b029f\" data-element_type=\"widget\" data-e-type=\"widget\" data-widget_type=\"text-editor.default\">\n\t\t\t\t<div class=\"elementor-widget-container\">\n\t\t\t\t\t\t\t\t\t<p>POL\u00cdTICA DE PRIVACITAT DEL LLOC WEB<br \/>notariaviaaugusta4.com<\/p><ol><li>POL\u00cdTICA DE PRIVACITAT I PROTECCI\u00d3 DE DADES<\/li><\/ol><ol><li>Respectant el que estableix la legislaci\u00f3 vigent, notariaviaaugusta4.com (d&#039;ara endavant, tamb\u00e9 Lloc Web) es compromet a adoptar les mesures t\u00e8cniques i organitzatives necess\u00e0ries, segons el nivell de seguretat adequat al risc de les dades recollides.<br \/>Identitat del responsable: <br \/>Romeu Moneder Notaria.<br \/>Adre\u00e7a: Via Augusta 4, Planta 2a 08006 Barcelona.<br \/>Correu electr\u00f2nic: info@notariaviaaugusta4.com.<\/li><\/ol><p>Lleis que incorpora aquesta pol\u00edtica de privadesa<\/p><p>Aquesta pol\u00edtica de privadesa est\u00e0 adaptada a la normativa espanyola i europea vigent en mat\u00e8ria de protecci\u00f3 de dades personals a internet. En concret, aquesta respecta les seg\u00fcents normes:<\/p><ul><li>El Reglament (UE) 2016\/679 del Parlament Europeu i del Consell, de 27 d&#039;abril del 2016, relatiu a la protecci\u00f3 de les persones f\u00edsiques pel que fa al tractament de dades personals ia la lliure circulaci\u00f3 d&#039;aquestes dades (RGPD).<\/li><li>La Llei Org\u00e0nica 15\/1999, del 13 de desembre, de Protecci\u00f3 de Dades de Car\u00e0cter Personal (LOPD).<\/li><li>El Reial decret 1720\/2007, de 21 de desembre, pel qual s'aprova el Reglament de desplegament de la Llei Org\u00e0nica 15\/1999, de 13 de desembre, de Protecci\u00f3 de Dades de Car\u00e0cter Personal (RDLOPD).<\/li><li>La Llei 34\/2002, de 11 de juliol, de Serveis de la Societat de la Informaci\u00f3 i de Comer\u00e7 Electr\u00f2nic (LSSI-CE).<\/li><\/ul><p>\u00a0<\/p><p>\u00a0<\/p><p>Identitat del responsable del tractament de les dades personals<\/p><p>El responsable del tractament de les dades personals recollides a notariaviaaugusta4.com (d&#039;ara endavant, Responsable del tractament).<\/p><p>Les vostres dades de contacte s\u00f3n les seg\u00fcents: Email de contacte: info@notariaviaaugusta4.com<\/p><p>Registre de Dades de Car\u00e0cter Personal<\/p><p>Les dades personals demanades per Notaria Via Augusta 4, mitjan\u00e7ant els formularis estesos a les seves p\u00e0gines, seran introdu\u00efdes en un fitxer automatitzat sota la responsabilitat del Responsable del tractament, amb la finalitat de poder facilitar, agilitzar i complir els compromisos establerts entre Notaria Via Augusta 4 i l&#039;Usuari o el manteniment de la relaci\u00f3 que s&#039;estableixi en una sol\u00b7licitud o aquest.<\/p><p>Principis aplicables al tractament de les dades personals<\/p><p>El tractament de les dades personals de l&#039;Usuari se sotmetr\u00e0 als seg\u00fcents principis recollits a l&#039;article 5 del RGPD:<\/p><ul><li>Principi de licitud, lleialtat i transpar\u00e8ncia: es requerir\u00e0 en tot moment el consentiment de l&#039;Usuari pr\u00e8via informaci\u00f3 completament transparent de les finalitats per a les quals es recullen les dades personals.<\/li><li>Principi de limitaci\u00f3 de la finalitat: les dades personals seran recollides amb fins determinats, expl\u00edcits i leg\u00edtims.<\/li><li>Principi de minimitzaci\u00f3 de dades: les dades personals recollides seran \u00fanicament les estrictament necess\u00e0ries en relaci\u00f3 amb les finalitats per a les quals s\u00f3n tractades.<\/li><li>Principi d&#039;exactitud: les dades personals han de ser exactes i estar sempre actualitzades.<\/li><li>Principi de limitaci\u00f3 del termini de conservaci\u00f3: les dades personals nom\u00e9s seran mantingudes de manera que es permeti la identificaci\u00f3 de l&#039;Usuari durant el temps necessari per als fins del tractament.<\/li><li>Principi d&#039;integritat i confidencialitat: les dades personals seran tractades de manera que se&#039;n garanteixi la seguretat i la confidencialitat.<\/li><li>Principi de responsabilitat proactiva: el responsable del tractament ser\u00e0 responsable d&#039;assegurar que els principis anteriors es compleixen.<\/li><\/ul><p>Categories de dades personals<\/p><p>Les categories de dades que es tracten a Notaria Via Augusta 4 s\u00f3n \u00fanicament dades identificatives. En cap cas, no es tracten categories especials de dades personals en el sentit de l&#039;article 9 del RGPD.<\/p><p>Base legal per al tractament de les dades personals<\/p><p>La base legal per al tractament de les dades personals \u00e9s el consentiment. Notaria Via Augusta 4 es compromet a demanar el consentiment expr\u00e9s i verificable de l&#039;Usuari per al tractament de les seves dades personals per a un o diversos fins espec\u00edfics.<\/p><p>L'Usuari tindr\u00e0 dret a retirar el consentiment en qualsevol moment. Ser\u00e0 tan f\u00e0cil retirar el consentiment com donar-ho. Com a regla general, la retirada del consentiment no condicionar\u00e0 l'\u00fas del Lloc Web.<\/p><p>En les ocasions en qu\u00e8 l&#039;Usuari hagi o pugui facilitar les seves dades a trav\u00e9s de formularis per realitzar consultes, sol\u00b7licitar informaci\u00f3 o per motius relacionats amb el contingut del Lloc Web, se us informar\u00e0 en cas que l&#039;emplenament d&#039;algun d&#039;ells sigui obligat\u00f2ria perqu\u00e8 siguin imprescindibles per al correcte desenvolupament de l&#039;operaci\u00f3 realitzada.<\/p><p>Fins del tractament a qu\u00e8 es destinen les dades personals<\/p><p>Les dades personals s\u00f3n recollides i gestionades per Notaria Via Augusta 4 amb la finalitat de poder facilitar, agilitzar i complir els compromisos establerts entre el Lloc Web i l&#039;Usuari o el manteniment de la relaci\u00f3 que s&#039;estableixi als formularis que aquest \u00faltim empleni o per atendre una sol\u00b7licitud o consulta.<\/p><p>Igualment, les dades podran ser utilitzades amb una finalitat comercial de personalitzaci\u00f3, operativa i estad\u00edstica, i activitats pr\u00f2pies de l&#039;objecte social de Notaria Via Augusta 4, aix\u00ed com per a l&#039;extracci\u00f3, emmagatzematge de dades i estudis de m\u00e0rqueting per adequar el Contingut ofert a l&#039;Usuari, aix\u00ed com millorar la qualitat, funcionament i navegaci\u00f3 pel Lloc Web.<\/p><p>En el moment en qu\u00e8 s&#039;obtinguin les dades personals, s&#039;informar\u00e0 l&#039;Usuari sobre la finalitat o les finalitats espec\u00edfiques del tractament a qu\u00e8 es destinaran les dades personals; \u00e9s a dir, de l&#039;\u00fas o els usos que es donar\u00e0 a la informaci\u00f3 recopilada.<\/p><p>Per\u00edodes de retenci\u00f3 de les dades personals<\/p><p>Les dades personals nom\u00e9s seran retingudes durant el temps m\u00ednim necessari per als fins del seu tractament i, en tot cas, \u00fanicament durant el termini seg\u00fcent: 12 mesos, o fins que l&#039;Usuari sol\u00b7liciti la seva supressi\u00f3.<\/p><p>En el moment en qu\u00e8 s&#039;obtinguin les dades personals, s&#039;informar\u00e0 l&#039;usuari sobre el termini durant el qual es conservaran les dades personals o, quan aix\u00f2 no sigui possible, els criteris utilitzats per determinar aquest termini.<\/p><p>Destinataris de les dades personals<\/p><p>Les dades personals de l&#039;Usuari seran compartides amb els seg\u00fcents destinataris o categories de destinataris:<\/p><p>Google Analytics \/ Google ADS<\/p><p>En cas que el Responsable del tractament tingui la intenci\u00f3 de transferir dades personals a un tercer pa\u00eds o organitzaci\u00f3 internacional, en el moment en qu\u00e8 s&#039;obtinguin les dades personals, s&#039;informar\u00e0 l&#039;Usuari sobre el tercer pa\u00eds o organitzaci\u00f3 internacional al qual es t\u00e9 la intenci\u00f3 de transferir les dades, aix\u00ed com de l&#039;exist\u00e8ncia o l&#039;abs\u00e8ncia d&#039;una decisi\u00f3 d&#039;adequaci\u00f3 de la Comissi\u00f3.<\/p><p>Dades personals de menors d&#039;edat<\/p><p>Respectant el que estableixen els articles 8 del RGPD i 13 del RDLOPD, nom\u00e9s els majors de 14 anys podran atorgar el seu consentiment per al tractament de les seves dades personals de forma l\u00edcita per Notaria Via Augusta 4. Si es tracta d'un menor de 14 anys, caldr\u00e0 el consentiment dels pares o tutors per als que la consideren els que la consideren en el que la consideraran.<\/p><p>Secret i seguretat de les dades personals<\/p><p>Notaria Via Augusta 4 es compromet a adoptar les mesures t\u00e8cniques i organitzatives necess\u00e0ries, segons el nivell de seguretat adequat al risc de les dades recollides, de manera que es garanteixi la seguretat de les dades de car\u00e0cter personal i s&#039;eviti la destrucci\u00f3, p\u00e8rdua o alteraci\u00f3 accidental o il\u00b7l\u00edcita de dades personals transmeses, conservades o tractades d&#039;una altra manera, o la comunicaci\u00f3 o acc\u00e9s no autoritzat.<\/p><p>El Lloc Web compta amb un certificat SSL (Secure Socket Layer), que assegura que les dades personals es transmeten de manera segura i confidencial, en ser la transmissi\u00f3 de les dades entre el servidor i l&#039;Usuari, i en retroalimentaci\u00f3, totalment xifrada o encriptada.<\/p><p>No obstant aix\u00f2, pel fet que Notaria Via Augusta 4 no pot garantir la inexpugnabilitat d'internet ni l'abs\u00e8ncia total de hackers o altres que accedeixin de manera fraudulenta a les dades personals, el Responsable del tractament es compromet a comunicar a l'Usuari sense dilaci\u00f3 indeguda quan passi una violaci\u00f3 de la seguretat de les dades personals que sigui probable que sigui probable. Seguint el que estableix l'article 4 del RGPD, s'ent\u00e9n per violaci\u00f3 de la seguretat de les dades personals tota violaci\u00f3 de la seguretat que ocasioni la destrucci\u00f3, p\u00e8rdua o alteraci\u00f3 accidental o il\u00b7l\u00edcita de dades personals transmeses, conservades o tractades d'una altra manera, o la comunicaci\u00f3 o l'acc\u00e9s no autoritzats a aquestes dades.<\/p><p>Les dades personals seran tractades com a confidencials pel Responsable del tractament, qui es compromet a informar i a garantir per mitj\u00e0 d'una obligaci\u00f3 legal o contractual que aquesta confidencialitat sigui respectada pels seus empleats, associats, i tota persona a qui li faci accessible la informaci\u00f3.<\/p><p>Drets derivats del tractament de les dades personals<\/p><p>L'Usuari t\u00e9 sobre Notaria Via Augusta 4 i podr\u00e0, per tant, exercir davant del Responsable del tractament els seg\u00fcents drets reconeguts al RGPD:<\/p><ul><li>Dret d&#039;acc\u00e9s: \u00c9s el dret de l&#039;Usuari a obtenir confirmaci\u00f3 de si Notaria Via Augusta 4 est\u00e0 tractant o no les seves dades personals i, en cas afirmatiu, obtenir informaci\u00f3 sobre les dades concretes de car\u00e0cter personal i del tractament que Notaria Via Augusta 4 hagi realitzat o realitzi, aix\u00ed com, entre una altra, de la informaci\u00f3 disponible sobre l&#039;origen d&#039;aquestes dades i els destinataris de les comunicacions realitzades.<\/li><li>Dret de rectificaci\u00f3: \u00c9s el dret de l&#039;Usuari al fet que es modifiquin les seves dades personals que resultin ser inexactes o, tenint en compte els fins del tractament, incomplets.<\/li><li>Dret de supressi\u00f3 (\u201cel dret a l'oblit\u201d): \u00c9s el dret de l'Usuari, sempre que la legislaci\u00f3 vigent no estableixi el contrari, a obtenir la supressi\u00f3 de les dades personals quan aquestes ja no siguin necess\u00e0ries per als fins per als quals van ser recollits o tractats; l'Usuari hagi retirat el consentiment al tractament i aquest no compti amb una altra base legal; l'Usuari s'oposi al tractament i no hi hagi cap altre motiu leg\u00edtim per continuar amb aquest; les dades personals hagin estat tractades il\u00b7l\u00edcitament; les dades personals s'han de suprimir en compliment d''una obligaci\u00f3 legal; o les dades personals hagin estat obtingudes producte duna oferta directa de serveis de la societat de la informaci\u00f3 a un menor de 14 anys. A m\u00e9s de suprimir les dades, el Responsable del tractament, tenint en compte la tecnologia disponible i el cost de la seva aplicaci\u00f3, haur\u00e0 d'adoptar mesures raonables per informar els responsables que estiguin tractant les dades personals de la sol\u00b7licitud de l'interessat de supressi\u00f3 de qualsevol enlla\u00e7 a aquestes dades personals.<\/li><li>Dret a la limitaci\u00f3 del tractament: \u00c9s el dret de l&#039;Usuari a limitar el tractament de les vostres dades personals. L&#039;Usuari t\u00e9 dret a obtenir la limitaci\u00f3 del tractament quan impugni l&#039;exactitud de les dades personals; el tractament sigui il\u00b7l\u00edcit; el Responsable del tractament ja no necessiti les dades personals, per\u00f2 l&#039;Usuari ho necessiti per fer reclamacions; i quan l&#039;usuari s&#039;hagi oposat al tractament.<\/li><li>Dret a la portabilitat de les dades: En cas que el tractament s'efectu\u00ef per mitjans automatitzats, l'Usuari tindr\u00e0 dret a rebre del Responsable del tractament les dades personals en un format estructurat, d'\u00fas com\u00fa i lectura mec\u00e0nica, i a transmetre'ls a un altre responsable del tractament. Sempre que sigui t\u00e8cnicament possible, el responsable del tractament transmetr\u00e0 directament les dades a aquest altre responsable.<\/li><li>Dret d&#039;oposici\u00f3: \u00c9s el dret de l&#039;Usuari que no es dugui a terme el tractament de les seves dades de car\u00e0cter personal o se&#039;n cessi el tractament per part de Notaria Via Augusta 4.<\/li><li>Dret a no ser a no ser objecte d&#039;una decisi\u00f3 basada \u00fanicament en el tractament automatitzat, inclosa l&#039;elaboraci\u00f3 de perfils: \u00c9s el dret de l&#039;Usuari a no ser objecte d&#039;una decisi\u00f3 individualitzada basada \u00fanicament en el tractament automatitzat de les vostres dades personals, inclosa l&#039;elaboraci\u00f3 de perfils, excepte que la legislaci\u00f3 vigent estableixi el contrari.<\/li><\/ul><p>Aix\u00ed doncs, l'Usuari podr\u00e0 exercir els seus drets mitjan\u00e7ant comunicaci\u00f3 escrita adre\u00e7ada al Responsable del tractament amb la refer\u00e8ncia \u201cRGPD- www.notariaviaaugusta4.com\u201d, especificant:<\/p><ul><li>Nom, cognoms de l&#039;usuari i c\u00f2pia del DNI. En els casos en qu\u00e8 s&#039;admeti la representaci\u00f3, tamb\u00e9 ser\u00e0 necess\u00e0ria la identificaci\u00f3 pel mateix mitj\u00e0 de la persona que representa l&#039;Usuari, aix\u00ed com el document acreditatiu de la representaci\u00f3. La fotoc\u00f2pia del DNI podr\u00e0 ser substitu\u00efda per qualsevol altre mitj\u00e0 v\u00e0lid en dret que acrediti la identitat.<\/li><li>Petici\u00f3 amb els motius espec\u00edfics de la sol\u00b7licitud o informaci\u00f3 a qu\u00e8 es vol accedir.<\/li><li>Domicili a efectes de notificacions.<\/li><li>Data i signatura del sol\u00b7licitant.<\/li><li>Tot document que acrediti la petici\u00f3 que formula.<\/li><\/ul><p>Aquesta sol\u00b7licitud i qualsevol altre document adjunt s&#039;ha d&#039;enviar a la seg\u00fcent adre\u00e7a de correu electr\u00f2nic:<\/p><p>Correu electr\u00f2nic: info@notariaviaaugusta4.com<\/p><p>Enlla\u00e7os a llocs web de tercers<\/p><p>El Lloc Web pot incloure hipervincles o enlla\u00e7os que permeten accedir a p\u00e0gines web de tercers diferents de Notaria Via Augusta 4, i que per tant no s\u00f3n operats per Notaria Via Augusta 4. Els titulars d&#039;aquests llocs web disposaran de les seves pr\u00f2pies pol\u00edtiques de protecci\u00f3 de dades, sent ells mateixos, en cada cas, responsables dels seus propis fitxers i dels seus propis fitxers.<\/p><p>Reclamacions davant de l&#039;autoritat de control<\/p><p>En cas que l&#039;Usuari consideri que hi ha un problema o infracci\u00f3 de la normativa vigent en la forma com s&#039;estan tractant les seves dades personals, tindr\u00e0 dret a la tutela judicial efectiva ia presentar una reclamaci\u00f3 davant d&#039;una autoritat de control, en particular, a l&#039;Estat on tingui la resid\u00e8ncia habitual, el lloc de treball o el lloc de la suposada infracci\u00f3. En el cas dEspanya, lautoritat de control \u00e9s lAg\u00e8ncia Espanyola de Protecci\u00f3 de Dades (http:\/\/www.agpd.es).<\/p><ol><li>ACCEPTACI\u00d3 I CANVIS EN AQUESTA POL\u00cdTICA DE PRIVACITAT<\/li><\/ol><p>Cal que l&#039;Usuari hagi llegit i estigui conforme amb les condicions sobre la protecci\u00f3 de dades de car\u00e0cter personal contingudes en aquesta Pol\u00edtica de Privadesa i de Cookies, aix\u00ed com que accepti el tractament de les seves dades personals perqu\u00e8 el Responsable del tractament pugui procedir-hi en la forma, durant els terminis i per a les finalitats indicades. L&#039;\u00fas del Lloc Web implicar\u00e0 l&#039;acceptaci\u00f3 de la Pol\u00edtica de Privadesa i de Cookies del mateix.<\/p><p>Notaria Via Augusta 4 es reserva el dret a modificar la seva Pol\u00edtica de Privadesa i de Cookies, d&#039;acord amb el seu propi criteri, o motivat per un canvi legislatiu, jurisprudencial o doctrinal de l&#039;Ag\u00e8ncia Espanyola de Protecci\u00f3 de Dades. Els canvis o actualitzacions d&#039;aquesta Pol\u00edtica de Privadesa i de Cookies seran notificats de manera expl\u00edcita a l&#039;Usuari.<\/p><p>Aquesta Pol\u00edtica de Privadesa i de Cookies va ser actualitzada el dia 22 de maig 2018 per adaptar-se al Reglament (UE) 2016\/679 del Parlament Europeu i del Consell, de 27 d'abril de 2016, relatiu a la protecci\u00f3 de les persones f\u00edsiques pel que fa al tractament de dades personals i a la lliure circulaci\u00f3 d'aquestes dades (RGPD).<\/p>\t\t\t\t\t\t\t\t<\/div>\n\t\t\t\t<\/div>\n\t\t\t\t\t<\/div>\n\t\t\t\t<\/div>\n\t\t\t\t<\/div>","protected":false},"excerpt":{"rendered":"<p>Pol\u00edtica de privacidad POL\u00cdTICA DE PRIVACIDAD DEL SITIO WEBnotariaviaaugusta4.com POL\u00cdTICA DE PRIVACIDAD Y PROTECCI\u00d3N DE DATOS Respetando lo establecido en la legislaci\u00f3n vigente, notariaviaaugusta4.com (en adelante, tambi\u00e9n Sitio Web) se compromete a adoptar las medidas t\u00e9cnicas y organizativas necesarias, seg\u00fan el nivel de seguridad adecuado al riesgo de los datos recogidos.Identidad del responsable: Romeo Monedero [&hellip;]<\/p>\n","protected":false},"author":1,"featured_media":0,"parent":0,"menu_order":0,"comment_status":"closed","ping_status":"closed","template":"elementor_header_footer","meta":{"footnotes":""},"class_list":["post-6455","page","type-page","status-publish","hentry"],"_links":{"self":[{"href":"https:\/\/notariaviaaugusta4.com\/ca\/wp-json\/wp\/v2\/pages\/6455","targetHints":{"allow":["GET"]}}],"collection":[{"href":"https:\/\/notariaviaaugusta4.com\/ca\/wp-json\/wp\/v2\/pages"}],"about":[{"href":"https:\/\/notariaviaaugusta4.com\/ca\/wp-json\/wp\/v2\/types\/page"}],"author":[{"embeddable":true,"href":"https:\/\/notariaviaaugusta4.com\/ca\/wp-json\/wp\/v2\/users\/1"}],"replies":[{"embeddable":true,"href":"https:\/\/notariaviaaugusta4.com\/ca\/wp-json\/wp\/v2\/comments?post=6455"}],"version-history":[{"count":4,"href":"https:\/\/notariaviaaugusta4.com\/ca\/wp-json\/wp\/v2\/pages\/6455\/revisions"}],"predecessor-version":[{"id":6471,"href":"https:\/\/notariaviaaugusta4.com\/ca\/wp-json\/wp\/v2\/pages\/6455\/revisions\/6471"}],"wp:attachment":[{"href":"https:\/\/notariaviaaugusta4.com\/ca\/wp-json\/wp\/v2\/media?parent=6455"}],"curies":[{"name":"wp","href":"https:\/\/api.w.org\/{rel}","templated":true}]}}