{"id":6444,"date":"2025-05-23T12:42:34","date_gmt":"2025-05-23T10:42:34","guid":{"rendered":"https:\/\/notariaviaaugusta4.com\/?page_id=6444"},"modified":"2025-05-23T12:59:38","modified_gmt":"2025-05-23T10:59:38","slug":"avis-legal","status":"publish","type":"page","link":"https:\/\/notariaviaaugusta4.com\/ca\/aviso-legal\/","title":{"rendered":"Av\u00eds Legal"},"content":{"rendered":"<div data-elementor-type=\"wp-page\" data-elementor-id=\"6444\" class=\"elementor elementor-6444\" data-elementor-post-type=\"page\">\n\t\t\t\t<div class=\"elementor-element elementor-element-bca7203 e-flex e-con-boxed e-con e-parent\" data-id=\"bca7203\" data-element_type=\"container\" data-e-type=\"container\" data-settings=\"{&quot;background_background&quot;:&quot;classic&quot;}\">\n\t\t\t\t\t<div class=\"e-con-inner\">\n\t\t\t\t<div class=\"elementor-element elementor-element-c7f79ba elementor-widget-mobile__width-inherit elementor-widget elementor-widget-heading\" data-id=\"c7f79ba\" data-element_type=\"widget\" data-e-type=\"widget\" data-widget_type=\"heading.default\">\n\t\t\t\t<div class=\"elementor-widget-container\">\n\t\t\t\t\t<h1 class=\"elementor-heading-title elementor-size-default\">Av\u00eds legal<\/h1>\t\t\t\t<\/div>\n\t\t\t\t<\/div>\n\t\t\t\t<div class=\"elementor-element elementor-element-84f06cd elementor-widget-divider--view-line elementor-widget elementor-widget-divider\" data-id=\"84f06cd\" data-element_type=\"widget\" data-e-type=\"widget\" data-widget_type=\"divider.default\">\n\t\t\t\t<div class=\"elementor-widget-container\">\n\t\t\t\t\t\t\t<div class=\"elementor-divider\">\n\t\t\t<span class=\"elementor-divider-separator\">\n\t\t\t\t\t\t<\/span>\n\t\t<\/div>\n\t\t\t\t\t\t<\/div>\n\t\t\t\t<\/div>\n\t\t\t\t<div class=\"elementor-element elementor-element-39b029f elementor-widget__width-inherit elementor-widget elementor-widget-text-editor\" data-id=\"39b029f\" data-element_type=\"widget\" data-e-type=\"widget\" data-widget_type=\"text-editor.default\">\n\t\t\t\t<div class=\"elementor-widget-container\">\n\t\t\t\t\t\t\t\t\t<p>Notaria Via Augusta 4 sol\u00b7licita el consentiment per prestar-li el servei sol\u00b7licitat i contestar les q\u00fcestions plantejades. La legitimaci\u00f3 t\u00e9 com a base jur\u00eddica el consentiment de l'interessat per als fins expressats. Les dades no se cediran a tercers excepte en els casos en qu\u00e8 hi hagi una obligaci\u00f3 legal. En tot cas, les dades que ens facilita estan ubicades en servidors la seu dels quals es troba dins del territori de la UE o gestionats per Encarregats de Tractament acollits a l'acord \u201cPrivacy Shield\u201d. Teniu dret a accedir, rectificar i suprimir les dades, aix\u00ed com altres drets, com s'explica a la pol\u00edtica de privadesa. Si no facilita les dades sol\u00b7licitades com a obligat\u00f2ries, pot donar com a resultat no poder complir amb la finalitat per als que se sol\u00b7liciten.\u00a0\u00a0<\/p>\t\t\t\t\t\t\t\t<\/div>\n\t\t\t\t<\/div>\n\t\t\t\t\t<\/div>\n\t\t\t\t<\/div>\n\t\t\t\t<\/div>","protected":false},"excerpt":{"rendered":"<p>Aviso legal Notaria V\u00eda Augusta 4 solicita su consentimiento para prestarle el servicio solicitado y contestar a las cuestiones planteadas. La legitimaci\u00f3n tiene como base jur\u00eddica el consentimiento del interesado para los fines expresados. Los datos no se ceder\u00e1n a terceros salvo en los casos en que exista una obligaci\u00f3n legal. En todo caso, los [&hellip;]<\/p>\n","protected":false},"author":1,"featured_media":0,"parent":0,"menu_order":0,"comment_status":"closed","ping_status":"closed","template":"elementor_header_footer","meta":{"footnotes":""},"class_list":["post-6444","page","type-page","status-publish","hentry"],"_links":{"self":[{"href":"https:\/\/notariaviaaugusta4.com\/ca\/wp-json\/wp\/v2\/pages\/6444","targetHints":{"allow":["GET"]}}],"collection":[{"href":"https:\/\/notariaviaaugusta4.com\/ca\/wp-json\/wp\/v2\/pages"}],"about":[{"href":"https:\/\/notariaviaaugusta4.com\/ca\/wp-json\/wp\/v2\/types\/page"}],"author":[{"embeddable":true,"href":"https:\/\/notariaviaaugusta4.com\/ca\/wp-json\/wp\/v2\/users\/1"}],"replies":[{"embeddable":true,"href":"https:\/\/notariaviaaugusta4.com\/ca\/wp-json\/wp\/v2\/comments?post=6444"}],"version-history":[{"count":4,"href":"https:\/\/notariaviaaugusta4.com\/ca\/wp-json\/wp\/v2\/pages\/6444\/revisions"}],"predecessor-version":[{"id":6465,"href":"https:\/\/notariaviaaugusta4.com\/ca\/wp-json\/wp\/v2\/pages\/6444\/revisions\/6465"}],"wp:attachment":[{"href":"https:\/\/notariaviaaugusta4.com\/ca\/wp-json\/wp\/v2\/media?parent=6444"}],"curies":[{"name":"wp","href":"https:\/\/api.w.org\/{rel}","templated":true}]}}